{"id":885,"date":"2021-03-19T12:43:22","date_gmt":"2021-03-19T12:43:22","guid":{"rendered":"https:\/\/sabarcarestaurant.com\/carta\/?page_id=885"},"modified":"2022-07-05T18:09:44","modified_gmt":"2022-07-05T18:09:44","slug":"menu","status":"publish","type":"page","link":"https:\/\/sabarcarestaurant.com\/carta\/en\/menu\/","title":{"rendered":"menu"},"content":{"rendered":"\n\t\t<div data-scrolling-effect='parallax' data-focal-point='{\"x\":0.5,\"y\":0.5}' data-final-focal-point='{\"x\":0.5,\"y\":0.5}' data-initial-background-scale=\"1\"data-final-background-scale=\"1\" data-smooth-start=\"1\" data-smooth-end=\"1\" \t\t\tclass=\"novablocks-hero novablocks-doppler alignfull novablocks-u-valign-center novablocks-u-halign-center novablocks-u-spacing-custom novablocks-u-content-width-full novablocks-u-background novablocks-u-background-none scrolling-effect-parallax\"\n\t\t\tstyle=\"--novablocks-hero-text-color: #000;min-height: calc(50* var(--novablocks-1vh, 1vh)); \"\n\t\t>\n\n\t\t\t\n            <div class=\"novablocks-mask\">\n\t            <img loading=\"lazy\" decoding=\"async\" width=\"1\" height=\"1\" src=\"https:\/\/sabarcarestaurant.com\/carta\/wp-content\/uploads\/2021\/03\/fondotransparente.png\" class=\"novablocks-parallax\" alt=\"\" style=\"object-position: 50% 50%;\" \/>\n\t\t\t\t            <\/div>\n            <div class=\"novablocks-hero__foreground novablocks-foreground novablocks-u-content-padding novablocks-u-content-align\" style=\"min-height: calc(50 * var(--novablocks-1vh, 1vh)); \">\n                <div class=\"novablocks-hero__inner-container novablocks-u-content-width\" style=\"--novablocks-content-padding: 0%;--theme-dark-primary: #FFF\">\n\t\t\t\t\t\n\t\t\t<div class=\"wp-block-separator is-style-decorative\">\n                \n        <div class=\"c-separator\">\n            <div class=\"c-separator__arrow c-separator__arrow--left\"><\/div>\n            <div class=\"c-separator__line c-separator__line--left\"><\/div>\n            <div class=\"c-separator__symbol\">\n                <span><svg width=\"31\" height=\"20\" viewBox=\"0 0 31 20\" fill=\"none\" xmlns=\"http:\/\/www.w3.org\/2000\/svg\"><path d=\"M30.721 6.3114c0 .599-.2647 1.1494-.7941 1.651-.5155.5016-1.2679.8777-2.2571 1.1285-5.6984 1.4768-8.7774 2.2153-9.2372 2.2153-.5434 0-.815-.1394-.815-.418 0-.2229.3204-.5294.9613-.9195.2647-.1672 1.1842-.6758 2.7586-1.5257 2.9816-1.6161 4.5072-2.4381 4.5768-2.466 1.3375-.6548 2.4243-.9822 3.2602-.9822 1.031 0 1.5465.4389 1.5465 1.3166zm-4.8485-3.1766c0 .4598-.3553 1.0031-1.0658 1.63-.3901.3345-1.3654 1.059-2.9258 2.1735-2.9676 2.1178-4.6604 3.1766-5.0784 3.1766-.209 0-.3762-.1393-.5016-.418l.2508-.585c.836-.8639 1.7346-1.8531 2.696-2.9677 1.0309-1.1982 1.637-1.8948 1.8181-2.0899 1.4908-1.5743 2.7796-2.3615 3.8663-2.3615.6269 0 .9404.4807.9404 1.442zm-9.0073-.9613c0 .195-.0975.7035-.2926 1.5256l-.7523 2.8422c-.2926 1.0867-.4668 1.9854-.5225 2.6959-.0279.404-.0627.6548-.1045.7523-.0418.1394-.1393.209-.2926.209-.1532 0-.2508-.0627-.2926-.1881 0-.0139-.0278-.195-.0835-.5433-.1394-.8499-.418-2.2292-.836-4.138-.3204-1.4071-.4807-2.4103-.4807-3.0094 0-.7105.1812-1.2748.5434-1.6927.3762-.418.8638-.627 1.4629-.627.4737 0 .8638.209 1.1703.627.3205.404.4807.9195.4807 1.5465zm-3.2602 7.9414c0 .2787-.1463.418-.4389.418-.1253 0-.5782-.3065-1.3584-.9195-.9334-.7245-2.0202-1.658-3.2602-2.8004a185.9607 185.9607 0 0 1-2.4451-2.2362c-.5852-.599-.8777-1.1634-.8777-1.6928 0-.404.1462-.7593.4388-1.0658.3065-.3065.6827-.4598 1.1286-.4598.6966 0 1.3305.3135 1.9017.9404.2648.2787.8011 1.052 1.6092 2.3198 2.2014 3.4134 3.302 5.2456 3.302 5.4963zm3.9081 3.4065c0 .5155-.209.9265-.627 1.233-.3065.209-.6061.411-.8986.6061-.209.2508-.3135 1.1982-.3135 2.8422 0 .6688-.0209 1.1146-.0627 1.3375-.0697.3065-.216.4598-.4389.4598-.195 0-.3135-.3622-.3553-1.0867-.0975-1.853-.1672-2.9955-.209-3.4274-.4597-.3344-.8289-.7245-1.1076-1.1703-.2229-.3762-.3344-.6827-.3344-.9196 0-.5573.2021-1.0449.6061-1.4629.418-.4319.8917-.6478 1.4211-.6478.6688 0 1.2191.2159 1.651.6478.4458.4319.6688.9614.6688 1.5883zm-5.2874-2.2361c0 .2925-.1184.4388-.3553.4388-.2368 0-.7036-.1184-1.4002-.3552a545.5275 545.5275 0 0 0-2.5705-.8778C4.8764 9.488 2.9119 8.7565 2.0063 8.2968.6688 7.614 0 6.8478 0 5.9979c0-.8917.627-1.3375 1.8809-1.3375.5015 0 1.3862.3901 2.6541 1.1703 1.0031.627 2.6193 1.7416 4.8485 3.3438.1672.1115.8568.5852 2.069 1.4211.5155.3483.7732.5782.7732.6897z\" fill=\"currentColor\"\/><\/svg>\n<\/span>\n            <\/div>\n            <div class=\"c-separator__line c-separator__line--right\"><\/div>\n            <div class=\"c-separator__arrow c-separator__arrow--right\"><\/div>\n        <\/div>\n\t\t\t\t\t<\/div>\n\t\t\n\n\n<h1 class=\"wp-block-novablocks-headline c-headline has-text-align-center has-smallest-font-size\"><span class=\"c-headline__secondary\"><\/span> <span class=\"c-headline__primary\">Menu<\/span><\/h1>\n\n                <\/div>\n\t\t\t\t            <\/div>\n\n\t\t\t\n        <\/div>\n\n\t\t\n\n\n<p class=\"has-text-align-center\">*If you have allergies or food intolerances, please contact our service staff<\/p>\n\n\n\n<div class=\"wp-block-novablocks-menu-food nova-food-menu pan\" itemscope itemtype=\"http:\/\/schema.org\/Menu\">\n<div class=\"wp-block-novablocks-menu-food-section nova-food-menu__section\" itemscope itemtype=\"http:\/\/schema.org\/MenuSection\"><header class=\"nova-food-menu__header\"><h3 class=\"section-title\" itemprop=\"name\">STARTERS<\/h3><\/header><div class=\"nova-food-menu__items\">\n<div class=\"wp-block-novablocks-menu-food-item nova-food-menu-item\" itemscope itemtype=\"http:\/\/schema.org\/MenuItem\"><div class=\"nova-food-menu-item__title\"><h4 class=\"item-title\" itemprop=\"name\">Cucumber-yogurt gazpacho, granny smith sorbetd<\/h4><\/div><div class=\"nova-food-menu-item__prices\" itemscope itemtype=\"http:\/\/schema.org\/offers\"><span class=\"item-price\" itemprop=\"price\">16<\/span><\/div><div class=\"nova-food-menu-item__description\"><p class=\"item-description\" itemprop=\"description\"><\/p><\/div><\/div>\n\n\n\n<div class=\"wp-block-novablocks-menu-food-item nova-food-menu-item\" itemscope itemtype=\"http:\/\/schema.org\/MenuItem\"><div class=\"nova-food-menu-item__title\"><h4 class=\"item-title\" itemprop=\"name\">Goat cheese salad, peach chutney, caramelized nuts<\/h4><\/div><div class=\"nova-food-menu-item__prices\" itemscope itemtype=\"http:\/\/schema.org\/offers\"><span class=\"item-price\" itemprop=\"price\">17<\/span><\/div><div class=\"nova-food-menu-item__description\"><p class=\"item-description\" itemprop=\"description\"><\/p><\/div><\/div>\n\n\n\n<div class=\"wp-block-novablocks-menu-food-item nova-food-menu-item\" itemscope itemtype=\"http:\/\/schema.org\/MenuItem\"><div class=\"nova-food-menu-item__title\"><h4 class=\"item-title\" itemprop=\"name\">Beef carpaccio, rocket, tomato confit, parmesan <\/h4><\/div><div class=\"nova-food-menu-item__prices\" itemscope itemtype=\"http:\/\/schema.org\/offers\"><span class=\"item-price\" itemprop=\"price\">19<\/span><\/div><div class=\"nova-food-menu-item__description\"><p class=\"item-description\" itemprop=\"description\"><\/p><\/div><\/div>\n\n\n\n<div class=\"wp-block-novablocks-menu-food-item nova-food-menu-item\" itemscope itemtype=\"http:\/\/schema.org\/MenuItem\"><div class=\"nova-food-menu-item__title\"><h4 class=\"item-title\" itemprop=\"name\">Salmon-Sashimi, mango, green asparagus, ginger, wasabi-caviar, sesame <\/h4><\/div><div class=\"nova-food-menu-item__prices\" itemscope itemtype=\"http:\/\/schema.org\/offers\"><span class=\"item-price\" itemprop=\"price\">19<\/span><\/div><div class=\"nova-food-menu-item__description\"><p class=\"item-description\" itemprop=\"description\"><\/p><\/div><\/div>\n\n\n\n<div class=\"wp-block-novablocks-menu-food-item nova-food-menu-item\" itemscope itemtype=\"http:\/\/schema.org\/MenuItem\"><div class=\"nova-food-menu-item__title\"><h4 class=\"item-title\" itemprop=\"name\">Burrata, tomato, peach, basil<\/h4><\/div><div class=\"nova-food-menu-item__prices\" itemscope itemtype=\"http:\/\/schema.org\/offers\"><span class=\"item-price\" itemprop=\"price\">17<\/span><\/div><div class=\"nova-food-menu-item__description\"><p class=\"item-description\" itemprop=\"description\"><\/p><\/div><\/div>\n\n\n\n<div class=\"wp-block-novablocks-menu-food-item nova-food-menu-item\" itemscope itemtype=\"http:\/\/schema.org\/MenuItem\"><div class=\"nova-food-menu-item__title\"><h4 class=\"item-title\" itemprop=\"name\">Beef tartare asian<\/h4><\/div><div class=\"nova-food-menu-item__prices\" itemscope itemtype=\"http:\/\/schema.org\/offers\"><span class=\"item-price\" itemprop=\"price\">19<\/span><\/div><div class=\"nova-food-menu-item__description\"><p class=\"item-description\" itemprop=\"description\"><\/p><\/div><\/div>\n\n\n\n<div class=\"wp-block-novablocks-menu-food-item nova-food-menu-item\" itemscope itemtype=\"http:\/\/schema.org\/MenuItem\"><div class=\"nova-food-menu-item__title\"><h4 class=\"item-title\" itemprop=\"name\">Mixed salad<\/h4><\/div><div class=\"nova-food-menu-item__prices\" itemscope itemtype=\"http:\/\/schema.org\/offers\"><span class=\"item-price\" itemprop=\"price\">10.50<\/span><\/div><div class=\"nova-food-menu-item__description\"><p class=\"item-description\" itemprop=\"description\"><\/p><\/div><\/div>\n<\/div><\/div>\n\n\n\n<div class=\"wp-block-novablocks-menu-food-section nova-food-menu__section\" itemscope itemtype=\"http:\/\/schema.org\/MenuSection\"><header class=\"nova-food-menu__header\"><h3 class=\"section-title\" itemprop=\"name\">Pasta<\/h3><\/header><div class=\"nova-food-menu__items\">\n<div class=\"wp-block-novablocks-menu-food-item nova-food-menu-item\" itemscope itemtype=\"http:\/\/schema.org\/MenuItem\"><div class=\"nova-food-menu-item__title\"><h4 class=\"item-title\" itemprop=\"name\">Tagliolini with truffle<\/h4><\/div><div class=\"nova-food-menu-item__prices\" itemscope itemtype=\"http:\/\/schema.org\/offers\"><span class=\"item-price\" itemprop=\"price\">23\/16<\/span><\/div><div class=\"nova-food-menu-item__description\"><p class=\"item-description\" itemprop=\"description\"><\/p><\/div><\/div>\n\n\n\n<div class=\"wp-block-novablocks-menu-food-item nova-food-menu-item\" itemscope itemtype=\"http:\/\/schema.org\/MenuItem\"><div class=\"nova-food-menu-item__title\"><h4 class=\"item-title\" itemprop=\"name\">Spaghetti \u201eVongole\u201c<\/h4><\/div><div class=\"nova-food-menu-item__prices\" itemscope itemtype=\"http:\/\/schema.org\/offers\"><span class=\"item-price\" itemprop=\"price\">22\/15<\/span><\/div><div class=\"nova-food-menu-item__description\"><p class=\"item-description\" itemprop=\"description\"><\/p><\/div><\/div>\n\n\n\n<div class=\"wp-block-novablocks-menu-food-item nova-food-menu-item\" itemscope itemtype=\"http:\/\/schema.org\/MenuItem\"><div class=\"nova-food-menu-item__title\"><h4 class=\"item-title\" itemprop=\"name\">Mezzi Rigatoni \u201eCarbonara\u201c<\/h4><\/div><div class=\"nova-food-menu-item__prices\" itemscope itemtype=\"http:\/\/schema.org\/offers\"><span class=\"item-price\" itemprop=\"price\">18\/13<\/span><\/div><div class=\"nova-food-menu-item__description\"><p class=\"item-description\" itemprop=\"description\"><\/p><\/div><\/div>\n<\/div><\/div>\n\n\n\n<div class=\"wp-block-novablocks-menu-food-section nova-food-menu__section\" itemscope itemtype=\"http:\/\/schema.org\/MenuSection\"><header class=\"nova-food-menu__header\"><h3 class=\"section-title\" itemprop=\"name\">Sushi<\/h3><\/header><div class=\"nova-food-menu__items\">\n<div class=\"wp-block-novablocks-menu-food-item nova-food-menu-item\" itemscope itemtype=\"http:\/\/schema.org\/MenuItem\"><div class=\"nova-food-menu-item__title\"><h4 class=\"item-title\" itemprop=\"name\">Torpedo-Gamba-Roll<\/h4><\/div><div class=\"nova-food-menu-item__prices\" itemscope itemtype=\"http:\/\/schema.org\/offers\"><span class=\"item-price\" itemprop=\"price\">25<\/span><\/div><div class=\"nova-food-menu-item__description\"><p class=\"item-description\" itemprop=\"description\">Prawn tempura-surimi-avocado-tobiko-sesame<\/p><\/div><\/div>\n\n\n\n<div class=\"wp-block-novablocks-menu-food-item nova-food-menu-item\" itemscope itemtype=\"http:\/\/schema.org\/MenuItem\"><div class=\"nova-food-menu-item__title\"><h4 class=\"item-title\" itemprop=\"name\">Crispy tempura roll<\/h4><\/div><div class=\"nova-food-menu-item__prices\" itemscope itemtype=\"http:\/\/schema.org\/offers\"><span class=\"item-price\" itemprop=\"price\">25<\/span><\/div><div class=\"nova-food-menu-item__description\"><p class=\"item-description\" itemprop=\"description\">Salmon-surimi-avocado-soja<\/p><\/div><\/div>\n<\/div><\/div>\n\n\n\n<div class=\"wp-block-novablocks-menu-food-section nova-food-menu__section\" itemscope itemtype=\"http:\/\/schema.org\/MenuSection\"><header class=\"nova-food-menu__header\"><h3 class=\"section-title\" itemprop=\"name\">From Land<\/h3><\/header><div class=\"nova-food-menu__items\">\n<div class=\"wp-block-novablocks-menu-food-item nova-food-menu-item\" itemscope itemtype=\"http:\/\/schema.org\/MenuItem\"><div class=\"nova-food-menu-item__title\"><h4 class=\"item-title\" itemprop=\"name\">Beef tenderloin, baby vegetables, truffled mashed potatoes, jus<\/h4><\/div><div class=\"nova-food-menu-item__prices\" itemscope itemtype=\"http:\/\/schema.org\/offers\"><span class=\"item-price\" itemprop=\"price\">32<\/span><\/div><div class=\"nova-food-menu-item__description\"><p class=\"item-description\" itemprop=\"description\"><\/p><\/div><\/div>\n\n\n\n<div class=\"wp-block-novablocks-menu-food-item nova-food-menu-item\" itemscope itemtype=\"http:\/\/schema.org\/MenuItem\"><div class=\"nova-food-menu-item__title\"><h4 class=\"item-title\" itemprop=\"name\">Rack of lamb, chorizo crust, padr\u00f3n peppers, sweet potato puree, honey jus<\/h4><\/div><div class=\"nova-food-menu-item__prices\" itemscope itemtype=\"http:\/\/schema.org\/offers\"><span class=\"item-price\" itemprop=\"price\">34<\/span><\/div><div class=\"nova-food-menu-item__description\"><p class=\"item-description\" itemprop=\"description\"><\/p><\/div><\/div>\n<\/div><\/div>\n\n\n\n<div class=\"wp-block-novablocks-menu-food-section nova-food-menu__section\" itemscope itemtype=\"http:\/\/schema.org\/MenuSection\"><header class=\"nova-food-menu__header\"><h3 class=\"section-title\" itemprop=\"name\">From the sea<\/h3><\/header><div class=\"nova-food-menu__items\">\n<div class=\"wp-block-novablocks-menu-food-item nova-food-menu-item\" itemscope itemtype=\"http:\/\/schema.org\/MenuItem\"><div class=\"nova-food-menu-item__title\"><h4 class=\"item-title\" itemprop=\"name\">Fish of the day<\/h4><\/div><div class=\"nova-food-menu-item__prices\" itemscope itemtype=\"http:\/\/schema.org\/offers\"><span class=\"item-price\" itemprop=\"price\">25<\/span><\/div><div class=\"nova-food-menu-item__description\"><p class=\"item-description\" itemprop=\"description\"><\/p><\/div><\/div>\n\n\n\n<div class=\"wp-block-novablocks-menu-food-item nova-food-menu-item\" itemscope itemtype=\"http:\/\/schema.org\/MenuItem\"><div class=\"nova-food-menu-item__title\"><h4 class=\"item-title\" itemprop=\"name\">Turbot, nut spinach, risolee potatoes<\/h4><\/div><div class=\"nova-food-menu-item__prices\" itemscope itemtype=\"http:\/\/schema.org\/offers\"><span class=\"item-price\" itemprop=\"price\">28<\/span><\/div><div class=\"nova-food-menu-item__description\"><p class=\"item-description\" itemprop=\"description\"><\/p><\/div><\/div>\n\n\n\n<div class=\"wp-block-novablocks-menu-food-item nova-food-menu-item\" itemscope itemtype=\"http:\/\/schema.org\/MenuItem\"><div class=\"nova-food-menu-item__title\"><h4 class=\"item-title\" itemprop=\"name\">Gilt-head bream, lemon-risotto with green asparagus<\/h4><\/div><div class=\"nova-food-menu-item__prices\" itemscope itemtype=\"http:\/\/schema.org\/offers\"><span class=\"item-price\" itemprop=\"price\">26<\/span><\/div><div class=\"nova-food-menu-item__description\"><p class=\"item-description\" itemprop=\"description\"><\/p><\/div><\/div>\n<\/div><\/div>\n\n\n\n<div class=\"wp-block-novablocks-menu-food-section nova-food-menu__section\" itemscope itemtype=\"http:\/\/schema.org\/MenuSection\"><header class=\"nova-food-menu__header\"><h3 class=\"section-title\" itemprop=\"name\">Dessert<\/h3><\/header><div class=\"nova-food-menu__items\">\n<div class=\"wp-block-novablocks-menu-food-item nova-food-menu-item\" itemscope itemtype=\"http:\/\/schema.org\/MenuItem\"><div class=\"nova-food-menu-item__title\"><h4 class=\"item-title\" itemprop=\"name\">Cr\u00e9me br\u00fbl\u00e9e, cherry sorbet<\/h4><\/div><div class=\"nova-food-menu-item__prices\" itemscope itemtype=\"http:\/\/schema.org\/offers\"><span class=\"item-price\" itemprop=\"price\">11.50<\/span><\/div><div class=\"nova-food-menu-item__description\"><p class=\"item-description\" itemprop=\"description\"><\/p><\/div><\/div>\n\n\n\n<div class=\"wp-block-novablocks-menu-food-item nova-food-menu-item\" itemscope itemtype=\"http:\/\/schema.org\/MenuItem\"><div class=\"nova-food-menu-item__title\"><h4 class=\"item-title\" itemprop=\"name\">Chocolate coulant, coconut ice cream, raspberry espuma<\/h4><\/div><div class=\"nova-food-menu-item__prices\" itemscope itemtype=\"http:\/\/schema.org\/offers\"><span class=\"item-price\" itemprop=\"price\">11.50<\/span><\/div><div class=\"nova-food-menu-item__description\"><p class=\"item-description\" itemprop=\"description\"><\/p><\/div><\/div>\n\n\n\n<div class=\"wp-block-novablocks-menu-food-item nova-food-menu-item\" itemscope itemtype=\"http:\/\/schema.org\/MenuItem\"><div class=\"nova-food-menu-item__title\"><h4 class=\"item-title\" itemprop=\"name\">Sorbet Variation<\/h4><\/div><div class=\"nova-food-menu-item__prices\" itemscope itemtype=\"http:\/\/schema.org\/offers\"><span class=\"item-price\" itemprop=\"price\">11.50<\/span><\/div><div class=\"nova-food-menu-item__description\"><p class=\"item-description\" itemprop=\"description\"><\/p><\/div><\/div>\n\n\n\n<div class=\"wp-block-novablocks-menu-food-item nova-food-menu-item\" itemscope itemtype=\"http:\/\/schema.org\/MenuItem\"><div class=\"nova-food-menu-item__title\"><h4 class=\"item-title\" itemprop=\"name\">Tiramisu<\/h4><\/div><div class=\"nova-food-menu-item__prices\" itemscope itemtype=\"http:\/\/schema.org\/offers\"><span class=\"item-price\" itemprop=\"price\">11.50<\/span><\/div><div class=\"nova-food-menu-item__description\"><p class=\"item-description\" itemprop=\"description\"><\/p><\/div><\/div>\n<\/div><\/div>\n\n\n\n<div class=\"wp-block-novablocks-menu-food-section nova-food-menu__section\" itemscope itemtype=\"http:\/\/schema.org\/MenuSection\"><header class=\"nova-food-menu__header\"><h3 class=\"section-title\" itemprop=\"name\">For the children<\/h3><\/header><div class=\"nova-food-menu__items\">\n<div class=\"wp-block-novablocks-menu-food-item nova-food-menu-item\" itemscope itemtype=\"http:\/\/schema.org\/MenuItem\"><div class=\"nova-food-menu-item__title\"><h4 class=\"item-title\" itemprop=\"name\">Spaghetti Bolognese<\/h4><\/div><div class=\"nova-food-menu-item__prices\" itemscope itemtype=\"http:\/\/schema.org\/offers\"><span class=\"item-price\" itemprop=\"price\">12.50<\/span><\/div><div class=\"nova-food-menu-item__description\"><p class=\"item-description\" itemprop=\"description\"><\/p><\/div><\/div>\n\n\n\n<div class=\"wp-block-novablocks-menu-food-item nova-food-menu-item\" itemscope itemtype=\"http:\/\/schema.org\/MenuItem\"><div class=\"nova-food-menu-item__title\"><h4 class=\"item-title\" itemprop=\"name\">Spaghetti tomato sauce<\/h4><\/div><div class=\"nova-food-menu-item__prices\" itemscope itemtype=\"http:\/\/schema.org\/offers\"><span class=\"item-price\" itemprop=\"price\">10.50<\/span><\/div><div class=\"nova-food-menu-item__description\"><p class=\"item-description\" itemprop=\"description\"><\/p><\/div><\/div>\n\n\n\n<div class=\"wp-block-novablocks-menu-food-item nova-food-menu-item\" itemscope itemtype=\"http:\/\/schema.org\/MenuItem\"><div class=\"nova-food-menu-item__title\"><h4 class=\"item-title\" itemprop=\"name\">Chicken nuggets, mashed potatoes<\/h4><\/div><div class=\"nova-food-menu-item__prices\" itemscope itemtype=\"http:\/\/schema.org\/offers\"><span class=\"item-price\" itemprop=\"price\">13.50<\/span><\/div><div class=\"nova-food-menu-item__description\"><p class=\"item-description\" itemprop=\"description\"><\/p><\/div><\/div>\n<\/div><\/div>\n<\/div>\n\n\n\n<p><\/p>\n","protected":false},"excerpt":{"rendered":"<p>*If you have allergies or food intolerances, please contact our service staff<\/p>\n","protected":false},"author":1,"featured_media":0,"parent":1291,"menu_order":0,"comment_status":"closed","ping_status":"closed","template":"","meta":{"novablocks_hero_scroll_indicator":false,"novablocks_hero_position_indicators":false,"footnotes":""},"class_list":["post-885","page","type-page","status-publish","hentry"],"_links":{"self":[{"href":"https:\/\/sabarcarestaurant.com\/carta\/wp-json\/wp\/v2\/pages\/885","targetHints":{"allow":["GET"]}}],"collection":[{"href":"https:\/\/sabarcarestaurant.com\/carta\/wp-json\/wp\/v2\/pages"}],"about":[{"href":"https:\/\/sabarcarestaurant.com\/carta\/wp-json\/wp\/v2\/types\/page"}],"author":[{"embeddable":true,"href":"https:\/\/sabarcarestaurant.com\/carta\/wp-json\/wp\/v2\/users\/1"}],"replies":[{"embeddable":true,"href":"https:\/\/sabarcarestaurant.com\/carta\/wp-json\/wp\/v2\/comments?post=885"}],"version-history":[{"count":40,"href":"https:\/\/sabarcarestaurant.com\/carta\/wp-json\/wp\/v2\/pages\/885\/revisions"}],"predecessor-version":[{"id":1652,"href":"https:\/\/sabarcarestaurant.com\/carta\/wp-json\/wp\/v2\/pages\/885\/revisions\/1652"}],"up":[{"embeddable":true,"href":"https:\/\/sabarcarestaurant.com\/carta\/wp-json\/wp\/v2\/pages\/1291"}],"wp:attachment":[{"href":"https:\/\/sabarcarestaurant.com\/carta\/wp-json\/wp\/v2\/media?parent=885"}],"curies":[{"name":"wp","href":"https:\/\/api.w.org\/{rel}","templated":true}]}}